{"id":1080,"date":"2025-10-03T20:34:05","date_gmt":"2025-10-03T18:34:05","guid":{"rendered":"https:\/\/motorsportcharity.com\/?post_type=product&#038;p=1080"},"modified":"2025-10-09T12:51:23","modified_gmt":"2025-10-09T10:51:23","slug":"driftgokart","status":"publish","type":"product","link":"https:\/\/motorsportcharity.com\/en\/product\/driftgokart\/","title":{"rendered":"DRIFTGOKART (k\u00e9k)"},"content":{"rendered":"<p>Az isteni szikra, a 2025-\u00f6s Motorsportcharity kezdem\u00e9nyez\u00e9s motorja, az alfa \u00e9s az omega: a Driftgokart!<\/p>\n<p>Csapatunk, a <a href=\"https:\/\/www.facebook.com\/Junkbuilds\" target=\"_blank\" rel=\"noopener\">Junkbuilds<\/a>, m\u00e9g \u00e9vekkel ezel\u0151tt \u00f6sszerakott egy driftgokartot puszt\u00e1n sz\u00f3rakoz\u00e1sb\u00f3l. Akkor \u00e9s ott pattant ki az \u00f6tlet: ebb\u0151l egyszer valami nagyobb bulit kell csin\u00e1lni! \u00c9s ha m\u00e1r belefogtunk, adjunk is vissza valamit! \u00cdgy sz\u00fcletett meg a Junkbuilds J\u00f3t\u00e9konys\u00e1gi Driftgokart Verseny.<\/p>\n<p>Eredetileg csak n\u00e9gy gokartot sz\u00e1ntunk az aukci\u00f3ra, azonban a r\u00e9sztvev\u0151k, n\u00e9z\u0151k \u00e9s rajong\u00f3k k\u00f6z\u00fcl is sokan jelezt\u00e9k, hogy sz\u00edvesen felaj\u00e1nlan\u00e1nak valamit a Magyar Gyermekment\u0151 Alap\u00edtv\u00e1ny jav\u00e1ra tartott aukci\u00f3n. \u00cdgy alakult, hogy most itt tartunk! N\u00e9zz k\u00f6r\u00fcl, hiszen a Driftgokart t\u00f6bb sz\u00ednben is el\u00e9rhet\u0151!<\/p>\n<div class=\"ast-oembed-container\" style=\"height: 100%;\"><iframe title=\"Tesztelt\u00fcnk, romboltunk de \u00fajra\u00e9p\u00fcl\u00fcnk hiszen m\u00e1r csak 2 nap!  #junkbuilds #j\u00f3t\u00e9konys\u00e1g #driftgokart\" width=\"500\" height=\"281\" src=\"https:\/\/www.youtube.com\/embed\/hC3yanGCoiU?feature=oembed\" frameborder=\"0\" allow=\"accelerometer; autoplay; clipboard-write; encrypted-media; gyroscope; picture-in-picture; web-share\" referrerpolicy=\"strict-origin-when-cross-origin\" allowfullscreen><\/iframe><\/div>","protected":false},"excerpt":{"rendered":"<p>Az isteni szikra, a 2025-\u00f6s Motorsportcharity kezdem\u00e9nyez\u00e9s motorja, az alfa \u00e9s az omega: a Driftgokart! Csapatunk, a Junkbuilds, m\u00e9g \u00e9vekkel [&hellip;]<\/p>\n","protected":false},"featured_media":1064,"template":"","meta":{"site-sidebar-layout":"default","site-content-layout":"","ast-site-content-layout":"default","site-content-style":"default","site-sidebar-style":"default","ast-global-header-display":"","ast-banner-title-visibility":"","ast-main-header-display":"","ast-hfb-above-header-display":"","ast-hfb-below-header-display":"","ast-hfb-mobile-header-display":"","site-post-title":"","ast-breadcrumbs-content":"","ast-featured-img":"","footer-sml-layout":"","theme-transparent-header-meta":"default","adv-header-id-meta":"","stick-header-meta":"","header-above-stick-meta":"","header-main-stick-meta":"","header-below-stick-meta":"","astra-migrate-meta-layouts":"set","ast-page-background-enabled":"default","ast-page-background-meta":{"desktop":{"background-color":"var(--ast-global-color-4)","background-image":"","background-repeat":"repeat","background-position":"center center","background-size":"auto","background-attachment":"scroll","background-type":"","background-media":"","overlay-type":"","overlay-color":"","overlay-opacity":"","overlay-gradient":""},"tablet":{"background-color":"","background-image":"","background-repeat":"repeat","background-position":"center center","background-size":"auto","background-attachment":"scroll","background-type":"","background-media":"","overlay-type":"","overlay-color":"","overlay-opacity":"","overlay-gradient":""},"mobile":{"background-color":"","background-image":"","background-repeat":"repeat","background-position":"center center","background-size":"auto","background-attachment":"scroll","background-type":"","background-media":"","overlay-type":"","overlay-color":"","overlay-opacity":"","overlay-gradient":""}},"ast-content-background-meta":{"desktop":{"background-color":"var(--ast-global-color-5)","background-image":"","background-repeat":"repeat","background-position":"center center","background-size":"auto","background-attachment":"scroll","background-type":"","background-media":"","overlay-type":"","overlay-color":"","overlay-opacity":"","overlay-gradient":""},"tablet":{"background-color":"var(--ast-global-color-5)","background-image":"","background-repeat":"repeat","background-position":"center center","background-size":"auto","background-attachment":"scroll","background-type":"","background-media":"","overlay-type":"","overlay-color":"","overlay-opacity":"","overlay-gradient":""},"mobile":{"background-color":"var(--ast-global-color-5)","background-image":"","background-repeat":"repeat","background-position":"center center","background-size":"auto","background-attachment":"scroll","background-type":"","background-media":"","overlay-type":"","overlay-color":"","overlay-opacity":"","overlay-gradient":""}}},"product_brand":[],"product_cat":[26],"product_tag":[],"class_list":{"0":"post-1080","1":"product","2":"type-product","3":"status-publish","4":"has-post-thumbnail","6":"product_cat-licittargy","7":"desktop-align-left","8":"tablet-align-left","9":"mobile-align-left","11":"first","12":"instock","13":"sold-individually","14":"shipping-taxable","15":"product-type-auction"},"jetpack_sharing_enabled":true,"_links":{"self":[{"href":"https:\/\/motorsportcharity.com\/en\/wp-json\/wp\/v2\/product\/1080","targetHints":{"allow":["GET"]}}],"collection":[{"href":"https:\/\/motorsportcharity.com\/en\/wp-json\/wp\/v2\/product"}],"about":[{"href":"https:\/\/motorsportcharity.com\/en\/wp-json\/wp\/v2\/types\/product"}],"wp:featuredmedia":[{"embeddable":true,"href":"https:\/\/motorsportcharity.com\/en\/wp-json\/wp\/v2\/media\/1064"}],"wp:attachment":[{"href":"https:\/\/motorsportcharity.com\/en\/wp-json\/wp\/v2\/media?parent=1080"}],"wp:term":[{"taxonomy":"product_brand","embeddable":true,"href":"https:\/\/motorsportcharity.com\/en\/wp-json\/wp\/v2\/product_brand?post=1080"},{"taxonomy":"product_cat","embeddable":true,"href":"https:\/\/motorsportcharity.com\/en\/wp-json\/wp\/v2\/product_cat?post=1080"},{"taxonomy":"product_tag","embeddable":true,"href":"https:\/\/motorsportcharity.com\/en\/wp-json\/wp\/v2\/product_tag?post=1080"}],"curies":[{"name":"wp","href":"https:\/\/api.w.org\/{rel}","templated":true}]}}