{"id":1135,"date":"2025-10-03T22:35:38","date_gmt":"2025-10-03T20:35:38","guid":{"rendered":"https:\/\/motorsportcharity.com\/?post_type=product&#038;p=1135"},"modified":"2025-10-04T19:23:47","modified_gmt":"2025-10-04T17:23:47","slug":"citroen-c3-wrc-oz-murva-magnezium-felni","status":"publish","type":"product","link":"https:\/\/motorsportcharity.com\/en\/product\/citroen-c3-wrc-oz-murva-magnezium-felni\/","title":{"rendered":"CITROEN C3 WRC OZ MURVA MAGN\u00c9ZIUM FELNI &#8211; B\u00fator R\u00f3bert"},"content":{"rendered":"<p>Citroen C3 WRC OZ murva magn\u00e9zium felni, szem\u00e9lyesen B\u00fator Robi dedik\u00e1l\u00e1s\u00e1val!<\/p>\n<p>Robit nem kell bemutatni, hiszen egy igen jelent\u0151s r\u00e9sze a Magyar Rally t\u00f6rt\u00e9nelemnek,<\/p>\n<p>az \u0150 al\u00e1\u00edr\u00e1sa p\u00e1ros\u00edtva egy WRC felnivel, felbecs\u00fclhetetlen \u00e9rt\u00e9k!<\/p>","protected":false},"excerpt":{"rendered":"<p>Citroen C3 WRC OZ murva magn\u00e9zium felni, szem\u00e9lyesen B\u00fator Robi dedik\u00e1l\u00e1s\u00e1val! Robit nem kell bemutatni, hiszen egy igen jelent\u0151s r\u00e9sze [&hellip;]<\/p>\n","protected":false},"featured_media":1133,"template":"","meta":{"site-sidebar-layout":"default","site-content-layout":"","ast-site-content-layout":"default","site-content-style":"default","site-sidebar-style":"default","ast-global-header-display":"","ast-banner-title-visibility":"","ast-main-header-display":"","ast-hfb-above-header-display":"","ast-hfb-below-header-display":"","ast-hfb-mobile-header-display":"","site-post-title":"","ast-breadcrumbs-content":"","ast-featured-img":"","footer-sml-layout":"","theme-transparent-header-meta":"default","adv-header-id-meta":"","stick-header-meta":"","header-above-stick-meta":"","header-main-stick-meta":"","header-below-stick-meta":"","astra-migrate-meta-layouts":"set","ast-page-background-enabled":"default","ast-page-background-meta":{"desktop":{"background-color":"var(--ast-global-color-4)","background-image":"","background-repeat":"repeat","background-position":"center center","background-size":"auto","background-attachment":"scroll","background-type":"","background-media":"","overlay-type":"","overlay-color":"","overlay-opacity":"","overlay-gradient":""},"tablet":{"background-color":"","background-image":"","background-repeat":"repeat","background-position":"center center","background-size":"auto","background-attachment":"scroll","background-type":"","background-media":"","overlay-type":"","overlay-color":"","overlay-opacity":"","overlay-gradient":""},"mobile":{"background-color":"","background-image":"","background-repeat":"repeat","background-position":"center center","background-size":"auto","background-attachment":"scroll","background-type":"","background-media":"","overlay-type":"","overlay-color":"","overlay-opacity":"","overlay-gradient":""}},"ast-content-background-meta":{"desktop":{"background-color":"var(--ast-global-color-5)","background-image":"","background-repeat":"repeat","background-position":"center center","background-size":"auto","background-attachment":"scroll","background-type":"","background-media":"","overlay-type":"","overlay-color":"","overlay-opacity":"","overlay-gradient":""},"tablet":{"background-color":"var(--ast-global-color-5)","background-image":"","background-repeat":"repeat","background-position":"center center","background-size":"auto","background-attachment":"scroll","background-type":"","background-media":"","overlay-type":"","overlay-color":"","overlay-opacity":"","overlay-gradient":""},"mobile":{"background-color":"var(--ast-global-color-5)","background-image":"","background-repeat":"repeat","background-position":"center center","background-size":"auto","background-attachment":"scroll","background-type":"","background-media":"","overlay-type":"","overlay-color":"","overlay-opacity":"","overlay-gradient":""}}},"product_brand":[],"product_cat":[26],"product_tag":[],"class_list":{"0":"post-1135","1":"product","2":"type-product","3":"status-publish","4":"has-post-thumbnail","6":"product_cat-licittargy","7":"desktop-align-left","8":"tablet-align-left","9":"mobile-align-left","11":"first","12":"instock","13":"sold-individually","14":"shipping-taxable","15":"product-type-auction"},"jetpack_sharing_enabled":true,"_links":{"self":[{"href":"https:\/\/motorsportcharity.com\/en\/wp-json\/wp\/v2\/product\/1135","targetHints":{"allow":["GET"]}}],"collection":[{"href":"https:\/\/motorsportcharity.com\/en\/wp-json\/wp\/v2\/product"}],"about":[{"href":"https:\/\/motorsportcharity.com\/en\/wp-json\/wp\/v2\/types\/product"}],"wp:featuredmedia":[{"embeddable":true,"href":"https:\/\/motorsportcharity.com\/en\/wp-json\/wp\/v2\/media\/1133"}],"wp:attachment":[{"href":"https:\/\/motorsportcharity.com\/en\/wp-json\/wp\/v2\/media?parent=1135"}],"wp:term":[{"taxonomy":"product_brand","embeddable":true,"href":"https:\/\/motorsportcharity.com\/en\/wp-json\/wp\/v2\/product_brand?post=1135"},{"taxonomy":"product_cat","embeddable":true,"href":"https:\/\/motorsportcharity.com\/en\/wp-json\/wp\/v2\/product_cat?post=1135"},{"taxonomy":"product_tag","embeddable":true,"href":"https:\/\/motorsportcharity.com\/en\/wp-json\/wp\/v2\/product_tag?post=1135"}],"curies":[{"name":"wp","href":"https:\/\/api.w.org\/{rel}","templated":true}]}}