{"id":1138,"date":"2025-10-03T22:51:16","date_gmt":"2025-10-03T20:51:16","guid":{"rendered":"https:\/\/motorsportcharity.com\/?post_type=product&#038;p=1138"},"modified":"2025-10-03T22:58:07","modified_gmt":"2025-10-03T20:58:07","slug":"homolog-overal-bessenyey-zoltan-bz","status":"publish","type":"product","link":"https:\/\/motorsportcharity.com\/en\/product\/homolog-overal-bessenyey-zoltan-bz\/","title":{"rendered":"HOMOL\u00d3G OVER\u00c1L-BESSENYEY ZOLT\u00c1N &#8222;BZ&#8221;"},"content":{"rendered":"<p>BZ VIP versenyz\u0151k\u00e9nt m\u00e9g 2013-ban Vallelungan viselte ezt a Gy\u00e1ri Mini Cooper homol\u00f3g over\u00e1lt, ahol el\u00e9g j\u00f3 eredm\u00e9nyt \u00e9rt el.<\/p>\n<p>2021-ben ism\u00e9t szerencs\u00e9t hozott neki, ugyanis ugyanebben az over\u00e1lban megnyerte a Francia handikart bajnoks\u00e1got is!<\/p>","protected":false},"excerpt":{"rendered":"<p>BZ VIP versenyz\u0151k\u00e9nt m\u00e9g 2013-ban Vallelungan viselte ezt a Gy\u00e1ri Mini Cooper homol\u00f3g over\u00e1lt, ahol el\u00e9g j\u00f3 eredm\u00e9nyt \u00e9rt el. [&hellip;]<\/p>\n","protected":false},"featured_media":1119,"template":"","meta":{"site-sidebar-layout":"default","site-content-layout":"","ast-site-content-layout":"default","site-content-style":"default","site-sidebar-style":"default","ast-global-header-display":"","ast-banner-title-visibility":"","ast-main-header-display":"","ast-hfb-above-header-display":"","ast-hfb-below-header-display":"","ast-hfb-mobile-header-display":"","site-post-title":"","ast-breadcrumbs-content":"","ast-featured-img":"","footer-sml-layout":"","theme-transparent-header-meta":"default","adv-header-id-meta":"","stick-header-meta":"","header-above-stick-meta":"","header-main-stick-meta":"","header-below-stick-meta":"","astra-migrate-meta-layouts":"set","ast-page-background-enabled":"default","ast-page-background-meta":{"desktop":{"background-color":"var(--ast-global-color-4)","background-image":"","background-repeat":"repeat","background-position":"center center","background-size":"auto","background-attachment":"scroll","background-type":"","background-media":"","overlay-type":"","overlay-color":"","overlay-opacity":"","overlay-gradient":""},"tablet":{"background-color":"","background-image":"","background-repeat":"repeat","background-position":"center center","background-size":"auto","background-attachment":"scroll","background-type":"","background-media":"","overlay-type":"","overlay-color":"","overlay-opacity":"","overlay-gradient":""},"mobile":{"background-color":"","background-image":"","background-repeat":"repeat","background-position":"center center","background-size":"auto","background-attachment":"scroll","background-type":"","background-media":"","overlay-type":"","overlay-color":"","overlay-opacity":"","overlay-gradient":""}},"ast-content-background-meta":{"desktop":{"background-color":"var(--ast-global-color-5)","background-image":"","background-repeat":"repeat","background-position":"center center","background-size":"auto","background-attachment":"scroll","background-type":"","background-media":"","overlay-type":"","overlay-color":"","overlay-opacity":"","overlay-gradient":""},"tablet":{"background-color":"var(--ast-global-color-5)","background-image":"","background-repeat":"repeat","background-position":"center center","background-size":"auto","background-attachment":"scroll","background-type":"","background-media":"","overlay-type":"","overlay-color":"","overlay-opacity":"","overlay-gradient":""},"mobile":{"background-color":"var(--ast-global-color-5)","background-image":"","background-repeat":"repeat","background-position":"center center","background-size":"auto","background-attachment":"scroll","background-type":"","background-media":"","overlay-type":"","overlay-color":"","overlay-opacity":"","overlay-gradient":""}}},"product_brand":[],"product_cat":[26],"product_tag":[],"class_list":{"0":"post-1138","1":"product","2":"type-product","3":"status-publish","4":"has-post-thumbnail","6":"product_cat-licittargy","7":"desktop-align-left","8":"tablet-align-left","9":"mobile-align-left","11":"first","12":"instock","13":"sold-individually","14":"shipping-taxable","15":"product-type-auction"},"jetpack_sharing_enabled":true,"_links":{"self":[{"href":"https:\/\/motorsportcharity.com\/en\/wp-json\/wp\/v2\/product\/1138","targetHints":{"allow":["GET"]}}],"collection":[{"href":"https:\/\/motorsportcharity.com\/en\/wp-json\/wp\/v2\/product"}],"about":[{"href":"https:\/\/motorsportcharity.com\/en\/wp-json\/wp\/v2\/types\/product"}],"wp:featuredmedia":[{"embeddable":true,"href":"https:\/\/motorsportcharity.com\/en\/wp-json\/wp\/v2\/media\/1119"}],"wp:attachment":[{"href":"https:\/\/motorsportcharity.com\/en\/wp-json\/wp\/v2\/media?parent=1138"}],"wp:term":[{"taxonomy":"product_brand","embeddable":true,"href":"https:\/\/motorsportcharity.com\/en\/wp-json\/wp\/v2\/product_brand?post=1138"},{"taxonomy":"product_cat","embeddable":true,"href":"https:\/\/motorsportcharity.com\/en\/wp-json\/wp\/v2\/product_cat?post=1138"},{"taxonomy":"product_tag","embeddable":true,"href":"https:\/\/motorsportcharity.com\/en\/wp-json\/wp\/v2\/product_tag?post=1138"}],"curies":[{"name":"wp","href":"https:\/\/api.w.org\/{rel}","templated":true}]}}