{"id":1143,"date":"2025-10-03T23:23:22","date_gmt":"2025-10-03T21:23:22","guid":{"rendered":"https:\/\/motorsportcharity.com\/?post_type=product&#038;p=1143"},"modified":"2025-10-03T23:26:29","modified_gmt":"2025-10-03T21:26:29","slug":"tommi-makinen-dedikalt-sapka-valyi-istvan","status":"publish","type":"product","link":"https:\/\/motorsportcharity.com\/en\/product\/tommi-makinen-dedikalt-sapka-valyi-istvan\/","title":{"rendered":"TOMMI M\u00e4kinen DEDIK\u00c1LT SAPKA &#8211; V\u00c1LYI ISTV\u00c1N"},"content":{"rendered":"<p>Amikor a lehet\u0151s\u00e9g adott, akkor ki kell haszn\u00e1lni!<\/p>\n<p>A Sv\u00e9d Rally-n pedig volt lehet\u0151s\u00e9g!<\/p>\n<p>\u00cdgy ker\u00fclt erre a sapk\u00e1ra Tommi M\u00e4kinen, n\u00e9gyszeres rally vil\u00e1gbajnok al\u00e1\u00edr\u00e1sa!<\/p>\n<p>Ha szeretn\u00e9d, p\u00e1ros\u00edthatod, az ugyanekkor dedik\u00e1lt p\u00f3l\u00f3val is, keresd a t\u00f6bbi t\u00e1rgy k\u00f6z\u00f6tt!<\/p>","protected":false},"excerpt":{"rendered":"<p>Amikor a lehet\u0151s\u00e9g adott, akkor ki kell haszn\u00e1lni! A Sv\u00e9d Rally-n pedig volt lehet\u0151s\u00e9g! \u00cdgy ker\u00fclt erre a sapk\u00e1ra Tommi [&hellip;]<\/p>\n","protected":false},"featured_media":1134,"template":"","meta":{"site-sidebar-layout":"default","site-content-layout":"","ast-site-content-layout":"default","site-content-style":"default","site-sidebar-style":"default","ast-global-header-display":"","ast-banner-title-visibility":"","ast-main-header-display":"","ast-hfb-above-header-display":"","ast-hfb-below-header-display":"","ast-hfb-mobile-header-display":"","site-post-title":"","ast-breadcrumbs-content":"","ast-featured-img":"","footer-sml-layout":"","theme-transparent-header-meta":"default","adv-header-id-meta":"","stick-header-meta":"","header-above-stick-meta":"","header-main-stick-meta":"","header-below-stick-meta":"","astra-migrate-meta-layouts":"set","ast-page-background-enabled":"default","ast-page-background-meta":{"desktop":{"background-color":"var(--ast-global-color-4)","background-image":"","background-repeat":"repeat","background-position":"center center","background-size":"auto","background-attachment":"scroll","background-type":"","background-media":"","overlay-type":"","overlay-color":"","overlay-opacity":"","overlay-gradient":""},"tablet":{"background-color":"","background-image":"","background-repeat":"repeat","background-position":"center center","background-size":"auto","background-attachment":"scroll","background-type":"","background-media":"","overlay-type":"","overlay-color":"","overlay-opacity":"","overlay-gradient":""},"mobile":{"background-color":"","background-image":"","background-repeat":"repeat","background-position":"center center","background-size":"auto","background-attachment":"scroll","background-type":"","background-media":"","overlay-type":"","overlay-color":"","overlay-opacity":"","overlay-gradient":""}},"ast-content-background-meta":{"desktop":{"background-color":"var(--ast-global-color-5)","background-image":"","background-repeat":"repeat","background-position":"center center","background-size":"auto","background-attachment":"scroll","background-type":"","background-media":"","overlay-type":"","overlay-color":"","overlay-opacity":"","overlay-gradient":""},"tablet":{"background-color":"var(--ast-global-color-5)","background-image":"","background-repeat":"repeat","background-position":"center center","background-size":"auto","background-attachment":"scroll","background-type":"","background-media":"","overlay-type":"","overlay-color":"","overlay-opacity":"","overlay-gradient":""},"mobile":{"background-color":"var(--ast-global-color-5)","background-image":"","background-repeat":"repeat","background-position":"center center","background-size":"auto","background-attachment":"scroll","background-type":"","background-media":"","overlay-type":"","overlay-color":"","overlay-opacity":"","overlay-gradient":""}}},"product_brand":[],"product_cat":[26],"product_tag":[],"class_list":{"0":"post-1143","1":"product","2":"type-product","3":"status-publish","4":"has-post-thumbnail","6":"product_cat-licittargy","7":"desktop-align-left","8":"tablet-align-left","9":"mobile-align-left","11":"first","12":"instock","13":"sold-individually","14":"shipping-taxable","15":"product-type-auction"},"jetpack_sharing_enabled":true,"_links":{"self":[{"href":"https:\/\/motorsportcharity.com\/en\/wp-json\/wp\/v2\/product\/1143","targetHints":{"allow":["GET"]}}],"collection":[{"href":"https:\/\/motorsportcharity.com\/en\/wp-json\/wp\/v2\/product"}],"about":[{"href":"https:\/\/motorsportcharity.com\/en\/wp-json\/wp\/v2\/types\/product"}],"wp:featuredmedia":[{"embeddable":true,"href":"https:\/\/motorsportcharity.com\/en\/wp-json\/wp\/v2\/media\/1134"}],"wp:attachment":[{"href":"https:\/\/motorsportcharity.com\/en\/wp-json\/wp\/v2\/media?parent=1143"}],"wp:term":[{"taxonomy":"product_brand","embeddable":true,"href":"https:\/\/motorsportcharity.com\/en\/wp-json\/wp\/v2\/product_brand?post=1143"},{"taxonomy":"product_cat","embeddable":true,"href":"https:\/\/motorsportcharity.com\/en\/wp-json\/wp\/v2\/product_cat?post=1143"},{"taxonomy":"product_tag","embeddable":true,"href":"https:\/\/motorsportcharity.com\/en\/wp-json\/wp\/v2\/product_tag?post=1143"}],"curies":[{"name":"wp","href":"https:\/\/api.w.org\/{rel}","templated":true}]}}