{"id":1197,"date":"2025-10-06T23:03:48","date_gmt":"2025-10-06T21:03:48","guid":{"rendered":"https:\/\/motorsportcharity.com\/?post_type=product&#038;p=1197"},"modified":"2025-10-08T13:36:26","modified_gmt":"2025-10-08T11:36:26","slug":"diagmozes-elso-diagnosztikai-eszkoze-domoszlai-david-diagmozes","status":"publish","type":"product","link":"https:\/\/motorsportcharity.com\/en\/product\/diagmozes-elso-diagnosztikai-eszkoze-domoszlai-david-diagmozes\/","title":{"rendered":"Diagm\u00f3zes els\u0151 diagnosztikai eszk\u00f6ze &#8211; Domoszlai D\u00e1vid | Diagm\u00f3zes"},"content":{"rendered":"<p>D\u00e1vid manaps\u00e1g m\u00e1r a technika cs\u00facs\u00e1val diagnosztiz\u00e1lja a betegesked\u0151 j\u00e1rm\u0171veket, azonban mindenki kezdte valahol! Ez a szerkezet volt az els\u0151 m\u0171szere a koll\u00e9g\u00e1nak, amit annyit haszn\u00e1lt, hogy el is kopott m\u00e1r a csatlakoz\u00f3 l\u00e1ba, sz\u00f3val megkereste a kenyere jav\u00e1t! Egy csod\u00e1latos dedik\u00e1l\u00e1ssal egy\u00fctt, egy csod\u00e1s darab lehet egy gy\u0171jt\u0151 vitrinj\u00e9ben!<\/p>","protected":false},"excerpt":{"rendered":"<p>D\u00e1vid manaps\u00e1g m\u00e1r a technika cs\u00facs\u00e1val diagnosztiz\u00e1lja a betegesked\u0151 j\u00e1rm\u0171veket, azonban mindenki kezdte valahol! Ez a szerkezet volt az els\u0151 [&hellip;]<\/p>\n","protected":false},"featured_media":1198,"template":"","meta":{"site-sidebar-layout":"default","site-content-layout":"","ast-site-content-layout":"default","site-content-style":"default","site-sidebar-style":"default","ast-global-header-display":"","ast-banner-title-visibility":"","ast-main-header-display":"","ast-hfb-above-header-display":"","ast-hfb-below-header-display":"","ast-hfb-mobile-header-display":"","site-post-title":"","ast-breadcrumbs-content":"","ast-featured-img":"","footer-sml-layout":"","theme-transparent-header-meta":"default","adv-header-id-meta":"","stick-header-meta":"","header-above-stick-meta":"","header-main-stick-meta":"","header-below-stick-meta":"","astra-migrate-meta-layouts":"set","ast-page-background-enabled":"default","ast-page-background-meta":{"desktop":{"background-color":"var(--ast-global-color-4)","background-image":"","background-repeat":"repeat","background-position":"center center","background-size":"auto","background-attachment":"scroll","background-type":"","background-media":"","overlay-type":"","overlay-color":"","overlay-opacity":"","overlay-gradient":""},"tablet":{"background-color":"","background-image":"","background-repeat":"repeat","background-position":"center center","background-size":"auto","background-attachment":"scroll","background-type":"","background-media":"","overlay-type":"","overlay-color":"","overlay-opacity":"","overlay-gradient":""},"mobile":{"background-color":"","background-image":"","background-repeat":"repeat","background-position":"center center","background-size":"auto","background-attachment":"scroll","background-type":"","background-media":"","overlay-type":"","overlay-color":"","overlay-opacity":"","overlay-gradient":""}},"ast-content-background-meta":{"desktop":{"background-color":"var(--ast-global-color-5)","background-image":"","background-repeat":"repeat","background-position":"center center","background-size":"auto","background-attachment":"scroll","background-type":"","background-media":"","overlay-type":"","overlay-color":"","overlay-opacity":"","overlay-gradient":""},"tablet":{"background-color":"var(--ast-global-color-5)","background-image":"","background-repeat":"repeat","background-position":"center center","background-size":"auto","background-attachment":"scroll","background-type":"","background-media":"","overlay-type":"","overlay-color":"","overlay-opacity":"","overlay-gradient":""},"mobile":{"background-color":"var(--ast-global-color-5)","background-image":"","background-repeat":"repeat","background-position":"center center","background-size":"auto","background-attachment":"scroll","background-type":"","background-media":"","overlay-type":"","overlay-color":"","overlay-opacity":"","overlay-gradient":""}}},"product_brand":[],"product_cat":[26],"product_tag":[],"class_list":{"0":"post-1197","1":"product","2":"type-product","3":"status-publish","4":"has-post-thumbnail","6":"product_cat-licittargy","7":"desktop-align-left","8":"tablet-align-left","9":"mobile-align-left","11":"first","12":"instock","13":"sold-individually","14":"shipping-taxable","15":"product-type-auction"},"jetpack_sharing_enabled":true,"_links":{"self":[{"href":"https:\/\/motorsportcharity.com\/en\/wp-json\/wp\/v2\/product\/1197","targetHints":{"allow":["GET"]}}],"collection":[{"href":"https:\/\/motorsportcharity.com\/en\/wp-json\/wp\/v2\/product"}],"about":[{"href":"https:\/\/motorsportcharity.com\/en\/wp-json\/wp\/v2\/types\/product"}],"wp:featuredmedia":[{"embeddable":true,"href":"https:\/\/motorsportcharity.com\/en\/wp-json\/wp\/v2\/media\/1198"}],"wp:attachment":[{"href":"https:\/\/motorsportcharity.com\/en\/wp-json\/wp\/v2\/media?parent=1197"}],"wp:term":[{"taxonomy":"product_brand","embeddable":true,"href":"https:\/\/motorsportcharity.com\/en\/wp-json\/wp\/v2\/product_brand?post=1197"},{"taxonomy":"product_cat","embeddable":true,"href":"https:\/\/motorsportcharity.com\/en\/wp-json\/wp\/v2\/product_cat?post=1197"},{"taxonomy":"product_tag","embeddable":true,"href":"https:\/\/motorsportcharity.com\/en\/wp-json\/wp\/v2\/product_tag?post=1197"}],"curies":[{"name":"wp","href":"https:\/\/api.w.org\/{rel}","templated":true}]}}