{"id":1268,"date":"2025-10-16T12:56:03","date_gmt":"2025-10-16T10:56:03","guid":{"rendered":"https:\/\/motorsportcharity.com\/?post_type=product&#038;p=1268"},"modified":"2025-10-16T13:07:16","modified_gmt":"2025-10-16T11:07:16","slug":"alpinestars-missle-v2-borruha-kerenyi-adam","status":"publish","type":"product","link":"https:\/\/motorsportcharity.com\/en\/product\/alpinestars-missle-v2-borruha-kerenyi-adam\/","title":{"rendered":"Alpinestars Missle V2 B\u0151rruha &#8211; Ker\u00e9nyi \u00c1d\u00e1m"},"content":{"rendered":"<div>\n<div dir=\"auto\">Ker\u00e9nyi \u00c1d\u00e1m sem maradhatott ki id\u00e9n a felaj\u00e1nl\u00f3ink list\u00e1j\u00e1b\u00f3l!<\/div>\n<div dir=\"auto\">\n50-es k\u00e9tr\u00e9szes l\u00e9gzs\u00e1k kompatibilis b\u0151rruha (186 cm \u00e9s 80-82 kg t\u00f6k\u00e9letes volt)<\/div>\n<div dir=\"auto\">\n<div>\n<div dir=\"auto\">2022-ben egy szezont haszn\u00e1lta \u00c1d\u00e1m, az\u00f3ta MotoCleanes tiszt\u00edt\u00e1st k\u00f6vet\u0151en zs\u00e1kj\u00e1ban elt\u00e9ve v\u00e1rja az \u00fajabb haszn\u00e1latot! <span style=\"font-size: 16px;\">Elcs\u00fasz\u00e1sos es\u00e9sb\u0151l ad\u00f3d\u00f3 l\u00e1that\u00f3 nyomok vannak rajta, szerkezetileg nem s\u00e9r\u00fclt a varr\u00e1s. Benne van pluszban k\u00e9t kieg\u00e9sz\u00edt\u0151 mellkas protektor is.<\/span><\/div>\n<\/div>\n<p>Ha erre a t\u00e1rgyra licit\u00e1lt, magad is megv\u00e9ded \u00e9s mellette egy j\u00f3 c\u00e9l \u00e9rdek\u00e9ben is tehetsz!<\/p><\/div>\n<\/div>","protected":false},"excerpt":{"rendered":"<p>Ker\u00e9nyi \u00c1d\u00e1m sem maradhatott ki id\u00e9n a felaj\u00e1nl\u00f3ink list\u00e1j\u00e1b\u00f3l! 50-es k\u00e9tr\u00e9szes l\u00e9gzs\u00e1k kompatibilis b\u0151rruha (186 cm \u00e9s 80-82 kg t\u00f6k\u00e9letes [&hellip;]<\/p>\n","protected":false},"featured_media":1269,"template":"","meta":{"site-sidebar-layout":"default","site-content-layout":"","ast-site-content-layout":"default","site-content-style":"default","site-sidebar-style":"default","ast-global-header-display":"","ast-banner-title-visibility":"","ast-main-header-display":"","ast-hfb-above-header-display":"","ast-hfb-below-header-display":"","ast-hfb-mobile-header-display":"","site-post-title":"","ast-breadcrumbs-content":"","ast-featured-img":"","footer-sml-layout":"","theme-transparent-header-meta":"default","adv-header-id-meta":"","stick-header-meta":"","header-above-stick-meta":"","header-main-stick-meta":"","header-below-stick-meta":"","astra-migrate-meta-layouts":"set","ast-page-background-enabled":"default","ast-page-background-meta":{"desktop":{"background-color":"var(--ast-global-color-4)","background-image":"","background-repeat":"repeat","background-position":"center center","background-size":"auto","background-attachment":"scroll","background-type":"","background-media":"","overlay-type":"","overlay-color":"","overlay-opacity":"","overlay-gradient":""},"tablet":{"background-color":"","background-image":"","background-repeat":"repeat","background-position":"center center","background-size":"auto","background-attachment":"scroll","background-type":"","background-media":"","overlay-type":"","overlay-color":"","overlay-opacity":"","overlay-gradient":""},"mobile":{"background-color":"","background-image":"","background-repeat":"repeat","background-position":"center center","background-size":"auto","background-attachment":"scroll","background-type":"","background-media":"","overlay-type":"","overlay-color":"","overlay-opacity":"","overlay-gradient":""}},"ast-content-background-meta":{"desktop":{"background-color":"var(--ast-global-color-5)","background-image":"","background-repeat":"repeat","background-position":"center center","background-size":"auto","background-attachment":"scroll","background-type":"","background-media":"","overlay-type":"","overlay-color":"","overlay-opacity":"","overlay-gradient":""},"tablet":{"background-color":"var(--ast-global-color-5)","background-image":"","background-repeat":"repeat","background-position":"center center","background-size":"auto","background-attachment":"scroll","background-type":"","background-media":"","overlay-type":"","overlay-color":"","overlay-opacity":"","overlay-gradient":""},"mobile":{"background-color":"var(--ast-global-color-5)","background-image":"","background-repeat":"repeat","background-position":"center center","background-size":"auto","background-attachment":"scroll","background-type":"","background-media":"","overlay-type":"","overlay-color":"","overlay-opacity":"","overlay-gradient":""}}},"product_brand":[],"product_cat":[26],"product_tag":[],"class_list":{"0":"post-1268","1":"product","2":"type-product","3":"status-publish","4":"has-post-thumbnail","6":"product_cat-licittargy","7":"desktop-align-left","8":"tablet-align-left","9":"mobile-align-left","11":"first","12":"instock","13":"sold-individually","14":"shipping-taxable","15":"product-type-auction"},"jetpack_sharing_enabled":true,"_links":{"self":[{"href":"https:\/\/motorsportcharity.com\/en\/wp-json\/wp\/v2\/product\/1268","targetHints":{"allow":["GET"]}}],"collection":[{"href":"https:\/\/motorsportcharity.com\/en\/wp-json\/wp\/v2\/product"}],"about":[{"href":"https:\/\/motorsportcharity.com\/en\/wp-json\/wp\/v2\/types\/product"}],"wp:featuredmedia":[{"embeddable":true,"href":"https:\/\/motorsportcharity.com\/en\/wp-json\/wp\/v2\/media\/1269"}],"wp:attachment":[{"href":"https:\/\/motorsportcharity.com\/en\/wp-json\/wp\/v2\/media?parent=1268"}],"wp:term":[{"taxonomy":"product_brand","embeddable":true,"href":"https:\/\/motorsportcharity.com\/en\/wp-json\/wp\/v2\/product_brand?post=1268"},{"taxonomy":"product_cat","embeddable":true,"href":"https:\/\/motorsportcharity.com\/en\/wp-json\/wp\/v2\/product_cat?post=1268"},{"taxonomy":"product_tag","embeddable":true,"href":"https:\/\/motorsportcharity.com\/en\/wp-json\/wp\/v2\/product_tag?post=1268"}],"curies":[{"name":"wp","href":"https:\/\/api.w.org\/{rel}","templated":true}]}}